{"id":899,"date":"2018-05-14T14:28:52","date_gmt":"2018-05-14T12:28:52","guid":{"rendered":"https:\/\/dotter17.be\/?page_id=899"},"modified":"2023-05-09T09:29:33","modified_gmt":"2023-05-09T07:29:33","slug":"petit-dejeuner-et-service-traiteur","status":"publish","type":"page","link":"http:\/\/dotter17.be\/fr\/petit-dejeuner\/","title":{"rendered":"Petit-d\u00e9jeuner"},"content":{"rendered":"<p>La ma\u00eetresse de maison, Lieve, met un point d\u2019honneur \u00e0 chouchouter ses h\u00f4tes en leur proposant un d\u00e9licieux petit-d\u00e9jeuner. Pour bien commencer la journ\u00e9e, les h\u00f4tes du B&amp;B se rendent dans l\u2019espace commun o\u00f9 les attendent un large choix de petits pains frais et tout ce qui fait du petit-d\u00e9jeuner le repas le plus agr\u00e9able de la journ\u00e9e.<\/p>\n<p>M\u00eame si vous ne passez pas la nuit au Dotter17, vous pouvez malgr\u00e9 tout venir y prendre le petit-d\u00e9jeuner pour faire le plein d\u2019\u00e9nergie et d\u00e9marrer la journ\u00e9e du bon pied.<\/p>\n<p>Cette option est possible au prix de 18\u00a0euros et moyennant r\u00e9servation par t\u00e9l\u00e9phone au num\u00e9ro <a href=\"tel:+32475703421\">0475\/703421<\/a> ou par <a href=\"mailto:info@dotter17.be\">e-mail<\/a>.<\/p>\n<p><em>* En cas d\u2019intol\u00e9rance ou d\u2019allergie \u00e0 certains ingr\u00e9dients, nous vous demandons de le signaler \u00e0 votre arriv\u00e9e. Vous pourriez en effet retrouver certains ingr\u00e9dients l\u00e0 o\u00f9 vous ne les attendez pas.<\/em><\/p>\n","protected":false},"excerpt":{"rendered":"<p>La ma\u00eetresse de maison, Lieve, met un point d\u2019honneur \u00e0 chouchouter ses h\u00f4tes en leur proposant un d\u00e9licieux petit-d\u00e9jeuner. Pour bien commencer la journ\u00e9e, les h\u00f4tes du B&amp;B se rendent dans l\u2019espace commun o\u00f9 les attendent un large choix de petits pains frais et tout ce qui fait du petit-d\u00e9jeuner le repas le plus agr\u00e9able [&hellip;]<\/p>\n","protected":false},"author":2,"featured_media":1281,"parent":0,"menu_order":0,"comment_status":"closed","ping_status":"closed","template":"","meta":{"_acf_changed":false,"footnotes":""},"class_list":["post-899","page","type-page","status-publish","has-post-thumbnail","hentry"],"acf":[],"yoast_head":"<!-- This site is optimized with the Yoast SEO plugin v27.0 - https:\/\/yoast.com\/product\/yoast-seo-wordpress\/ -->\n<title>Petit-d\u00e9jeuner | Dotter 17 - Un d\u00e9licieux petit-d\u00e9jeuner<\/title>\n<meta name=\"description\" content=\"Petit-d\u00e9jeuner | Dotter17 B&amp;B | \u2713 Cinq chambres spacieuses et confortables \u2713 Agr\u00e9able espace bien-\u00eatre \u2713 Aux portes des Ardennes flamandes\" \/>\n<meta name=\"robots\" content=\"index, follow, max-snippet:-1, max-image-preview:large, max-video-preview:-1\" \/>\n<link rel=\"canonical\" href=\"http:\/\/dotter17.be\/fr\/petit-dejeuner\/\" \/>\n<meta property=\"og:locale\" content=\"nl_BE\" \/>\n<meta property=\"og:type\" content=\"article\" \/>\n<meta property=\"og:title\" content=\"Petit-d\u00e9jeuner | Dotter 17 - Un d\u00e9licieux petit-d\u00e9jeuner\" \/>\n<meta property=\"og:description\" content=\"Petit-d\u00e9jeuner | Dotter17 B&amp;B | \u2713 Cinq chambres spacieuses et confortables \u2713 Agr\u00e9able espace bien-\u00eatre \u2713 Aux portes des Ardennes flamandes\" \/>\n<meta property=\"og:url\" content=\"http:\/\/dotter17.be\/fr\/petit-dejeuner\/\" \/>\n<meta property=\"og:site_name\" content=\"Dotter 17\" \/>\n<meta property=\"article:publisher\" content=\"https:\/\/www.facebook.com\/Dotter17\/\" \/>\n<meta property=\"article:modified_time\" content=\"2023-05-09T07:29:33+00:00\" \/>\n<meta property=\"og:image\" content=\"https:\/\/dotter17.be\/wp-content\/uploads\/2018\/06\/ontbijt2.jpg\" \/>\n\t<meta property=\"og:image:width\" content=\"1170\" \/>\n\t<meta property=\"og:image:height\" content=\"668\" \/>\n\t<meta property=\"og:image:type\" content=\"image\/jpeg\" \/>\n<meta name=\"twitter:card\" content=\"summary_large_image\" \/>\n<meta name=\"twitter:label1\" content=\"Dur\u00e9e de lecture estim\u00e9e\" \/>\n\t<meta name=\"twitter:data1\" content=\"1 minute\" \/>\n<script type=\"application\/ld+json\" class=\"yoast-schema-graph\">{\"@context\":\"https:\/\/schema.org\",\"@graph\":[{\"@type\":\"WebPage\",\"@id\":\"http:\/\/dotter17.be\/fr\/petit-dejeuner\/\",\"url\":\"http:\/\/dotter17.be\/fr\/petit-dejeuner\/\",\"name\":\"Petit-d\u00e9jeuner | Dotter 17 - Un d\u00e9licieux petit-d\u00e9jeuner\",\"isPartOf\":{\"@id\":\"https:\/\/dotter17.be\/fr\/#website\"},\"primaryImageOfPage\":{\"@id\":\"http:\/\/dotter17.be\/fr\/petit-dejeuner\/#primaryimage\"},\"image\":{\"@id\":\"http:\/\/dotter17.be\/fr\/petit-dejeuner\/#primaryimage\"},\"thumbnailUrl\":\"https:\/\/dotter17.be\/wp-content\/uploads\/2018\/06\/ontbijt2.jpg\",\"datePublished\":\"2018-05-14T12:28:52+00:00\",\"dateModified\":\"2023-05-09T07:29:33+00:00\",\"description\":\"Petit-d\u00e9jeuner | Dotter17 B&B | \u2713 Cinq chambres spacieuses et confortables \u2713 Agr\u00e9able espace bien-\u00eatre \u2713 Aux portes des Ardennes flamandes\",\"breadcrumb\":{\"@id\":\"http:\/\/dotter17.be\/fr\/petit-dejeuner\/#breadcrumb\"},\"inLanguage\":\"fr-FR\",\"potentialAction\":[{\"@type\":\"ReadAction\",\"target\":[\"http:\/\/dotter17.be\/fr\/petit-dejeuner\/\"]}]},{\"@type\":\"ImageObject\",\"inLanguage\":\"fr-FR\",\"@id\":\"http:\/\/dotter17.be\/fr\/petit-dejeuner\/#primaryimage\",\"url\":\"https:\/\/dotter17.be\/wp-content\/uploads\/2018\/06\/ontbijt2.jpg\",\"contentUrl\":\"https:\/\/dotter17.be\/wp-content\/uploads\/2018\/06\/ontbijt2.jpg\",\"width\":1170,\"height\":668,\"caption\":\"Ontbijt & traiteurservice\"},{\"@type\":\"BreadcrumbList\",\"@id\":\"http:\/\/dotter17.be\/fr\/petit-dejeuner\/#breadcrumb\",\"itemListElement\":[{\"@type\":\"ListItem\",\"position\":1,\"name\":\"Home\",\"item\":\"https:\/\/dotter17.be\/fr\/\"},{\"@type\":\"ListItem\",\"position\":2,\"name\":\"Petit-d\u00e9jeuner\"}]},{\"@type\":\"WebSite\",\"@id\":\"https:\/\/dotter17.be\/fr\/#website\",\"url\":\"https:\/\/dotter17.be\/fr\/\",\"name\":\"Dotter 17\",\"description\":\"\",\"publisher\":{\"@id\":\"https:\/\/dotter17.be\/fr\/#organization\"},\"potentialAction\":[{\"@type\":\"SearchAction\",\"target\":{\"@type\":\"EntryPoint\",\"urlTemplate\":\"https:\/\/dotter17.be\/fr\/?s={search_term_string}\"},\"query-input\":{\"@type\":\"PropertyValueSpecification\",\"valueRequired\":true,\"valueName\":\"search_term_string\"}}],\"inLanguage\":\"fr-FR\"},{\"@type\":\"Organization\",\"@id\":\"https:\/\/dotter17.be\/fr\/#organization\",\"name\":\"Dotter17\",\"url\":\"https:\/\/dotter17.be\/fr\/\",\"logo\":{\"@type\":\"ImageObject\",\"inLanguage\":\"fr-FR\",\"@id\":\"https:\/\/dotter17.be\/fr\/#\/schema\/logo\/image\/\",\"url\":\"https:\/\/dotter17.be\/wp-content\/uploads\/2018\/05\/logo.png\",\"contentUrl\":\"https:\/\/dotter17.be\/wp-content\/uploads\/2018\/05\/logo.png\",\"width\":250,\"height\":208,\"caption\":\"Dotter17\"},\"image\":{\"@id\":\"https:\/\/dotter17.be\/fr\/#\/schema\/logo\/image\/\"},\"sameAs\":[\"https:\/\/www.facebook.com\/Dotter17\/\",\"https:\/\/www.instagram.com\/17dotter\"]}]}<\/script>\n<!-- \/ Yoast SEO plugin. -->","yoast_head_json":{"title":"Petit-d\u00e9jeuner | Dotter 17 - Un d\u00e9licieux petit-d\u00e9jeuner","description":"Petit-d\u00e9jeuner | Dotter17 B&B | \u2713 Cinq chambres spacieuses et confortables \u2713 Agr\u00e9able espace bien-\u00eatre \u2713 Aux portes des Ardennes flamandes","robots":{"index":"index","follow":"follow","max-snippet":"max-snippet:-1","max-image-preview":"max-image-preview:large","max-video-preview":"max-video-preview:-1"},"canonical":"http:\/\/dotter17.be\/fr\/petit-dejeuner\/","og_locale":"nl_BE","og_type":"article","og_title":"Petit-d\u00e9jeuner | Dotter 17 - Un d\u00e9licieux petit-d\u00e9jeuner","og_description":"Petit-d\u00e9jeuner | Dotter17 B&B | \u2713 Cinq chambres spacieuses et confortables \u2713 Agr\u00e9able espace bien-\u00eatre \u2713 Aux portes des Ardennes flamandes","og_url":"http:\/\/dotter17.be\/fr\/petit-dejeuner\/","og_site_name":"Dotter 17","article_publisher":"https:\/\/www.facebook.com\/Dotter17\/","article_modified_time":"2023-05-09T07:29:33+00:00","og_image":[{"width":1170,"height":668,"url":"https:\/\/dotter17.be\/wp-content\/uploads\/2018\/06\/ontbijt2.jpg","type":"image\/jpeg"}],"twitter_card":"summary_large_image","twitter_misc":{"Dur\u00e9e de lecture estim\u00e9e":"1 minute"},"schema":{"@context":"https:\/\/schema.org","@graph":[{"@type":"WebPage","@id":"http:\/\/dotter17.be\/fr\/petit-dejeuner\/","url":"http:\/\/dotter17.be\/fr\/petit-dejeuner\/","name":"Petit-d\u00e9jeuner | Dotter 17 - Un d\u00e9licieux petit-d\u00e9jeuner","isPartOf":{"@id":"https:\/\/dotter17.be\/fr\/#website"},"primaryImageOfPage":{"@id":"http:\/\/dotter17.be\/fr\/petit-dejeuner\/#primaryimage"},"image":{"@id":"http:\/\/dotter17.be\/fr\/petit-dejeuner\/#primaryimage"},"thumbnailUrl":"https:\/\/dotter17.be\/wp-content\/uploads\/2018\/06\/ontbijt2.jpg","datePublished":"2018-05-14T12:28:52+00:00","dateModified":"2023-05-09T07:29:33+00:00","description":"Petit-d\u00e9jeuner | Dotter17 B&B | \u2713 Cinq chambres spacieuses et confortables \u2713 Agr\u00e9able espace bien-\u00eatre \u2713 Aux portes des Ardennes flamandes","breadcrumb":{"@id":"http:\/\/dotter17.be\/fr\/petit-dejeuner\/#breadcrumb"},"inLanguage":"fr-FR","potentialAction":[{"@type":"ReadAction","target":["http:\/\/dotter17.be\/fr\/petit-dejeuner\/"]}]},{"@type":"ImageObject","inLanguage":"fr-FR","@id":"http:\/\/dotter17.be\/fr\/petit-dejeuner\/#primaryimage","url":"https:\/\/dotter17.be\/wp-content\/uploads\/2018\/06\/ontbijt2.jpg","contentUrl":"https:\/\/dotter17.be\/wp-content\/uploads\/2018\/06\/ontbijt2.jpg","width":1170,"height":668,"caption":"Ontbijt & traiteurservice"},{"@type":"BreadcrumbList","@id":"http:\/\/dotter17.be\/fr\/petit-dejeuner\/#breadcrumb","itemListElement":[{"@type":"ListItem","position":1,"name":"Home","item":"https:\/\/dotter17.be\/fr\/"},{"@type":"ListItem","position":2,"name":"Petit-d\u00e9jeuner"}]},{"@type":"WebSite","@id":"https:\/\/dotter17.be\/fr\/#website","url":"https:\/\/dotter17.be\/fr\/","name":"Dotter 17","description":"","publisher":{"@id":"https:\/\/dotter17.be\/fr\/#organization"},"potentialAction":[{"@type":"SearchAction","target":{"@type":"EntryPoint","urlTemplate":"https:\/\/dotter17.be\/fr\/?s={search_term_string}"},"query-input":{"@type":"PropertyValueSpecification","valueRequired":true,"valueName":"search_term_string"}}],"inLanguage":"fr-FR"},{"@type":"Organization","@id":"https:\/\/dotter17.be\/fr\/#organization","name":"Dotter17","url":"https:\/\/dotter17.be\/fr\/","logo":{"@type":"ImageObject","inLanguage":"fr-FR","@id":"https:\/\/dotter17.be\/fr\/#\/schema\/logo\/image\/","url":"https:\/\/dotter17.be\/wp-content\/uploads\/2018\/05\/logo.png","contentUrl":"https:\/\/dotter17.be\/wp-content\/uploads\/2018\/05\/logo.png","width":250,"height":208,"caption":"Dotter17"},"image":{"@id":"https:\/\/dotter17.be\/fr\/#\/schema\/logo\/image\/"},"sameAs":["https:\/\/www.facebook.com\/Dotter17\/","https:\/\/www.instagram.com\/17dotter"]}]}},"_links":{"self":[{"href":"https:\/\/dotter17.be\/fr\/wp-json\/wp\/v2\/pages\/899","targetHints":{"allow":["GET"]}}],"collection":[{"href":"https:\/\/dotter17.be\/fr\/wp-json\/wp\/v2\/pages"}],"about":[{"href":"https:\/\/dotter17.be\/fr\/wp-json\/wp\/v2\/types\/page"}],"author":[{"embeddable":true,"href":"https:\/\/dotter17.be\/fr\/wp-json\/wp\/v2\/users\/2"}],"replies":[{"embeddable":true,"href":"https:\/\/dotter17.be\/fr\/wp-json\/wp\/v2\/comments?post=899"}],"version-history":[{"count":1,"href":"https:\/\/dotter17.be\/fr\/wp-json\/wp\/v2\/pages\/899\/revisions"}],"predecessor-version":[{"id":2557,"href":"https:\/\/dotter17.be\/fr\/wp-json\/wp\/v2\/pages\/899\/revisions\/2557"}],"wp:featuredmedia":[{"embeddable":true,"href":"https:\/\/dotter17.be\/fr\/wp-json\/wp\/v2\/media\/1281"}],"wp:attachment":[{"href":"https:\/\/dotter17.be\/fr\/wp-json\/wp\/v2\/media?parent=899"}],"curies":[{"name":"wp","href":"https:\/\/api.w.org\/{rel}","templated":true}]}}