{"id":418,"date":"2017-11-03T21:28:14","date_gmt":"2017-11-03T20:28:14","guid":{"rendered":"https:\/\/dotter17.be\/stallen\/"},"modified":"2018-11-15T11:36:49","modified_gmt":"2018-11-15T10:36:49","slug":"ecuries","status":"publish","type":"page","link":"http:\/\/dotter17.be\/fr\/ecuries\/","title":{"rendered":"\u00c9curies"},"content":{"rendered":"<p>Il est agr\u00e9able de se balader \u00e0 cheval. Et quand c\u2019est avec votre propre animal, c\u2019est encore mieux. Vous pouvez s\u00e9journer avec votre cheval au Dotter17. Il sera bien au chaud dans une grande \u00e9curie o\u00f9 il pourra se reposer apr\u00e8s une promenade dans la r\u00e9serve naturelle. Mais nos chevaux aussi piaffent d\u2019impatience \u00e0 l\u2019id\u00e9e de partir en balade. Dries sera ravi de vous accompagner dans les endroits les plus beaux et les plus agr\u00e9ables des environs.<\/p>\n","protected":false},"excerpt":{"rendered":"<p>Il est agr\u00e9able de se balader \u00e0 cheval. Et quand c\u2019est avec votre propre animal, c\u2019est encore mieux. Vous pouvez s\u00e9journer avec votre cheval au Dotter17. Il sera bien au chaud dans une grande \u00e9curie o\u00f9 il pourra se reposer apr\u00e8s une promenade dans la r\u00e9serve naturelle. Mais nos chevaux aussi piaffent d\u2019impatience \u00e0 l\u2019id\u00e9e [&hellip;]<\/p>\n","protected":false},"author":2,"featured_media":520,"parent":0,"menu_order":0,"comment_status":"closed","ping_status":"closed","template":"","meta":{"_acf_changed":false,"footnotes":""},"class_list":["post-418","page","type-page","status-publish","has-post-thumbnail","hentry"],"acf":[],"yoast_head":"<!-- This site is optimized with the Yoast SEO plugin v27.0 - https:\/\/yoast.com\/product\/yoast-seo-wordpress\/ -->\n<title>\u00c9curies | Dotter 17 - Il est agr\u00e9able de se balader \u00e0 cheval dans la r\u00e9gion<\/title>\n<meta name=\"description\" content=\"\u00c9curies | Dotter17 B&amp;B | \u2713 Cinq chambres spacieuses et confortables \u2713 Agr\u00e9able espace bien-\u00eatre \u2713 Aux portes des Ardennes flamandes\" \/>\n<meta name=\"robots\" content=\"index, follow, max-snippet:-1, max-image-preview:large, max-video-preview:-1\" \/>\n<link rel=\"canonical\" href=\"http:\/\/dotter17.be\/fr\/ecuries\/\" \/>\n<meta property=\"og:locale\" content=\"nl_BE\" \/>\n<meta property=\"og:type\" content=\"article\" \/>\n<meta property=\"og:title\" content=\"\u00c9curies | Dotter 17 - Il est agr\u00e9able de se balader \u00e0 cheval dans la r\u00e9gion\" \/>\n<meta property=\"og:description\" content=\"\u00c9curies | Dotter17 B&amp;B | \u2713 Cinq chambres spacieuses et confortables \u2713 Agr\u00e9able espace bien-\u00eatre \u2713 Aux portes des Ardennes flamandes\" \/>\n<meta property=\"og:url\" content=\"http:\/\/dotter17.be\/fr\/ecuries\/\" \/>\n<meta property=\"og:site_name\" content=\"Dotter 17\" \/>\n<meta property=\"article:publisher\" content=\"https:\/\/www.facebook.com\/Dotter17\/\" \/>\n<meta property=\"article:modified_time\" content=\"2018-11-15T10:36:49+00:00\" \/>\n<meta property=\"og:image\" content=\"https:\/\/dotter17.be\/wp-content\/uploads\/2017\/08\/IMG_6499.jpg\" \/>\n\t<meta property=\"og:image:width\" content=\"5184\" \/>\n\t<meta property=\"og:image:height\" content=\"3456\" \/>\n\t<meta property=\"og:image:type\" content=\"image\/jpeg\" \/>\n<meta name=\"twitter:card\" content=\"summary_large_image\" \/>\n<script type=\"application\/ld+json\" class=\"yoast-schema-graph\">{\"@context\":\"https:\/\/schema.org\",\"@graph\":[{\"@type\":\"WebPage\",\"@id\":\"http:\/\/dotter17.be\/fr\/ecuries\/\",\"url\":\"http:\/\/dotter17.be\/fr\/ecuries\/\",\"name\":\"\u00c9curies | Dotter 17 - Il est agr\u00e9able de se balader \u00e0 cheval dans la r\u00e9gion\",\"isPartOf\":{\"@id\":\"https:\/\/dotter17.be\/fr\/#website\"},\"primaryImageOfPage\":{\"@id\":\"http:\/\/dotter17.be\/fr\/ecuries\/#primaryimage\"},\"image\":{\"@id\":\"http:\/\/dotter17.be\/fr\/ecuries\/#primaryimage\"},\"thumbnailUrl\":\"https:\/\/dotter17.be\/wp-content\/uploads\/2017\/08\/IMG_6499.jpg\",\"datePublished\":\"2017-11-03T20:28:14+00:00\",\"dateModified\":\"2018-11-15T10:36:49+00:00\",\"description\":\"\u00c9curies | Dotter17 B&B | \u2713 Cinq chambres spacieuses et confortables \u2713 Agr\u00e9able espace bien-\u00eatre \u2713 Aux portes des Ardennes flamandes\",\"breadcrumb\":{\"@id\":\"http:\/\/dotter17.be\/fr\/ecuries\/#breadcrumb\"},\"inLanguage\":\"fr-FR\",\"potentialAction\":[{\"@type\":\"ReadAction\",\"target\":[\"http:\/\/dotter17.be\/fr\/ecuries\/\"]}]},{\"@type\":\"ImageObject\",\"inLanguage\":\"fr-FR\",\"@id\":\"http:\/\/dotter17.be\/fr\/ecuries\/#primaryimage\",\"url\":\"https:\/\/dotter17.be\/wp-content\/uploads\/2017\/08\/IMG_6499.jpg\",\"contentUrl\":\"https:\/\/dotter17.be\/wp-content\/uploads\/2017\/08\/IMG_6499.jpg\",\"width\":5184,\"height\":3456,\"caption\":\"B&B met paardenstalling\"},{\"@type\":\"BreadcrumbList\",\"@id\":\"http:\/\/dotter17.be\/fr\/ecuries\/#breadcrumb\",\"itemListElement\":[{\"@type\":\"ListItem\",\"position\":1,\"name\":\"Home\",\"item\":\"https:\/\/dotter17.be\/fr\/\"},{\"@type\":\"ListItem\",\"position\":2,\"name\":\"\u00c9curies\"}]},{\"@type\":\"WebSite\",\"@id\":\"https:\/\/dotter17.be\/fr\/#website\",\"url\":\"https:\/\/dotter17.be\/fr\/\",\"name\":\"Dotter 17\",\"description\":\"\",\"publisher\":{\"@id\":\"https:\/\/dotter17.be\/fr\/#organization\"},\"potentialAction\":[{\"@type\":\"SearchAction\",\"target\":{\"@type\":\"EntryPoint\",\"urlTemplate\":\"https:\/\/dotter17.be\/fr\/?s={search_term_string}\"},\"query-input\":{\"@type\":\"PropertyValueSpecification\",\"valueRequired\":true,\"valueName\":\"search_term_string\"}}],\"inLanguage\":\"fr-FR\"},{\"@type\":\"Organization\",\"@id\":\"https:\/\/dotter17.be\/fr\/#organization\",\"name\":\"Dotter17\",\"url\":\"https:\/\/dotter17.be\/fr\/\",\"logo\":{\"@type\":\"ImageObject\",\"inLanguage\":\"fr-FR\",\"@id\":\"https:\/\/dotter17.be\/fr\/#\/schema\/logo\/image\/\",\"url\":\"https:\/\/dotter17.be\/wp-content\/uploads\/2018\/05\/logo.png\",\"contentUrl\":\"https:\/\/dotter17.be\/wp-content\/uploads\/2018\/05\/logo.png\",\"width\":250,\"height\":208,\"caption\":\"Dotter17\"},\"image\":{\"@id\":\"https:\/\/dotter17.be\/fr\/#\/schema\/logo\/image\/\"},\"sameAs\":[\"https:\/\/www.facebook.com\/Dotter17\/\",\"https:\/\/www.instagram.com\/17dotter\"]}]}<\/script>\n<!-- \/ Yoast SEO plugin. -->","yoast_head_json":{"title":"\u00c9curies | Dotter 17 - Il est agr\u00e9able de se balader \u00e0 cheval dans la r\u00e9gion","description":"\u00c9curies | Dotter17 B&B | \u2713 Cinq chambres spacieuses et confortables \u2713 Agr\u00e9able espace bien-\u00eatre \u2713 Aux portes des Ardennes flamandes","robots":{"index":"index","follow":"follow","max-snippet":"max-snippet:-1","max-image-preview":"max-image-preview:large","max-video-preview":"max-video-preview:-1"},"canonical":"http:\/\/dotter17.be\/fr\/ecuries\/","og_locale":"nl_BE","og_type":"article","og_title":"\u00c9curies | Dotter 17 - Il est agr\u00e9able de se balader \u00e0 cheval dans la r\u00e9gion","og_description":"\u00c9curies | Dotter17 B&B | \u2713 Cinq chambres spacieuses et confortables \u2713 Agr\u00e9able espace bien-\u00eatre \u2713 Aux portes des Ardennes flamandes","og_url":"http:\/\/dotter17.be\/fr\/ecuries\/","og_site_name":"Dotter 17","article_publisher":"https:\/\/www.facebook.com\/Dotter17\/","article_modified_time":"2018-11-15T10:36:49+00:00","og_image":[{"width":5184,"height":3456,"url":"https:\/\/dotter17.be\/wp-content\/uploads\/2017\/08\/IMG_6499.jpg","type":"image\/jpeg"}],"twitter_card":"summary_large_image","schema":{"@context":"https:\/\/schema.org","@graph":[{"@type":"WebPage","@id":"http:\/\/dotter17.be\/fr\/ecuries\/","url":"http:\/\/dotter17.be\/fr\/ecuries\/","name":"\u00c9curies | Dotter 17 - Il est agr\u00e9able de se balader \u00e0 cheval dans la r\u00e9gion","isPartOf":{"@id":"https:\/\/dotter17.be\/fr\/#website"},"primaryImageOfPage":{"@id":"http:\/\/dotter17.be\/fr\/ecuries\/#primaryimage"},"image":{"@id":"http:\/\/dotter17.be\/fr\/ecuries\/#primaryimage"},"thumbnailUrl":"https:\/\/dotter17.be\/wp-content\/uploads\/2017\/08\/IMG_6499.jpg","datePublished":"2017-11-03T20:28:14+00:00","dateModified":"2018-11-15T10:36:49+00:00","description":"\u00c9curies | Dotter17 B&B | \u2713 Cinq chambres spacieuses et confortables \u2713 Agr\u00e9able espace bien-\u00eatre \u2713 Aux portes des Ardennes flamandes","breadcrumb":{"@id":"http:\/\/dotter17.be\/fr\/ecuries\/#breadcrumb"},"inLanguage":"fr-FR","potentialAction":[{"@type":"ReadAction","target":["http:\/\/dotter17.be\/fr\/ecuries\/"]}]},{"@type":"ImageObject","inLanguage":"fr-FR","@id":"http:\/\/dotter17.be\/fr\/ecuries\/#primaryimage","url":"https:\/\/dotter17.be\/wp-content\/uploads\/2017\/08\/IMG_6499.jpg","contentUrl":"https:\/\/dotter17.be\/wp-content\/uploads\/2017\/08\/IMG_6499.jpg","width":5184,"height":3456,"caption":"B&B met paardenstalling"},{"@type":"BreadcrumbList","@id":"http:\/\/dotter17.be\/fr\/ecuries\/#breadcrumb","itemListElement":[{"@type":"ListItem","position":1,"name":"Home","item":"https:\/\/dotter17.be\/fr\/"},{"@type":"ListItem","position":2,"name":"\u00c9curies"}]},{"@type":"WebSite","@id":"https:\/\/dotter17.be\/fr\/#website","url":"https:\/\/dotter17.be\/fr\/","name":"Dotter 17","description":"","publisher":{"@id":"https:\/\/dotter17.be\/fr\/#organization"},"potentialAction":[{"@type":"SearchAction","target":{"@type":"EntryPoint","urlTemplate":"https:\/\/dotter17.be\/fr\/?s={search_term_string}"},"query-input":{"@type":"PropertyValueSpecification","valueRequired":true,"valueName":"search_term_string"}}],"inLanguage":"fr-FR"},{"@type":"Organization","@id":"https:\/\/dotter17.be\/fr\/#organization","name":"Dotter17","url":"https:\/\/dotter17.be\/fr\/","logo":{"@type":"ImageObject","inLanguage":"fr-FR","@id":"https:\/\/dotter17.be\/fr\/#\/schema\/logo\/image\/","url":"https:\/\/dotter17.be\/wp-content\/uploads\/2018\/05\/logo.png","contentUrl":"https:\/\/dotter17.be\/wp-content\/uploads\/2018\/05\/logo.png","width":250,"height":208,"caption":"Dotter17"},"image":{"@id":"https:\/\/dotter17.be\/fr\/#\/schema\/logo\/image\/"},"sameAs":["https:\/\/www.facebook.com\/Dotter17\/","https:\/\/www.instagram.com\/17dotter"]}]}},"_links":{"self":[{"href":"https:\/\/dotter17.be\/fr\/wp-json\/wp\/v2\/pages\/418","targetHints":{"allow":["GET"]}}],"collection":[{"href":"https:\/\/dotter17.be\/fr\/wp-json\/wp\/v2\/pages"}],"about":[{"href":"https:\/\/dotter17.be\/fr\/wp-json\/wp\/v2\/types\/page"}],"author":[{"embeddable":true,"href":"https:\/\/dotter17.be\/fr\/wp-json\/wp\/v2\/users\/2"}],"replies":[{"embeddable":true,"href":"https:\/\/dotter17.be\/fr\/wp-json\/wp\/v2\/comments?post=418"}],"version-history":[{"count":0,"href":"https:\/\/dotter17.be\/fr\/wp-json\/wp\/v2\/pages\/418\/revisions"}],"wp:featuredmedia":[{"embeddable":true,"href":"https:\/\/dotter17.be\/fr\/wp-json\/wp\/v2\/media\/520"}],"wp:attachment":[{"href":"https:\/\/dotter17.be\/fr\/wp-json\/wp\/v2\/media?parent=418"}],"curies":[{"name":"wp","href":"https:\/\/api.w.org\/{rel}","templated":true}]}}