{"id":412,"date":"2017-11-03T21:25:57","date_gmt":"2017-11-03T20:25:57","guid":{"rendered":"https:\/\/dotter17.be\/faciliteiten\/"},"modified":"2022-07-04T14:05:10","modified_gmt":"2022-07-04T12:05:10","slug":"installations","status":"publish","type":"page","link":"http:\/\/dotter17.be\/fr\/installations\/","title":{"rendered":"Installations"},"content":{"rendered":"<h1>\u00c9curies<\/h1>\n<p>Il est agr\u00e9able de se balader \u00e0 cheval. Et quand c\u2019est avec votre propre animal, c\u2019est encore mieux. Vous pouvez s\u00e9journer avec votre cheval au Dotter17. Il sera bien au chaud dans une grande \u00e9curie o\u00f9 il pourra se reposer apr\u00e8s une promenade dans la r\u00e9serve naturelle. Mais nos chevaux aussi piaffent d\u2019impatience \u00e0 l\u2019id\u00e9e de partir en balade. Dries sera ravi de vous accompagner dans les endroits les plus beaux et les plus agr\u00e9ables des environs.<\/p>\n<p>&nbsp;<\/p>\n<h1>Petit-d\u00e9jeuner et service traiteur<\/h1>\n<p>La ma\u00eetresse de maison, Lieve, met un point d\u2019honneur \u00e0 chouchouter ses h\u00f4tes en leur proposant un d\u00e9licieux petit-d\u00e9jeuner. Pour bien commencer la journ\u00e9e, les h\u00f4tes du B&amp;B se rendent dans l\u2019espace commun o\u00f9 les attendent un large choix de petits pains frais et tout ce qui fait du petit-d\u00e9jeuner le repas le plus agr\u00e9able de la journ\u00e9e.<\/p>\n<p>M\u00eame si vous ne passez pas la nuit au Dotter17, vous pouvez malgr\u00e9 tout venir y prendre le petit-d\u00e9jeuner pour faire le plein d\u2019\u00e9nergie et d\u00e9marrer la journ\u00e9e du bon pied.<\/p>\n<p>Cette option est possible au prix de 18\u00a0euros et moyennant r\u00e9servation par t\u00e9l\u00e9phone au num\u00e9ro <a href=\"tel:+32475703421\">0475\/703421<\/a> ou par <a href=\"mailto:info@dotter17.be\">e-mail<\/a>.<\/p>\n<h1>Boissons<\/h1>\n<p>Dans notre bed and breakfast, vous trouverez toujours des boissons rafra\u00eechissantes. Notre r\u00e9frig\u00e9rateur est accessible tous les jours et contient une gamme vari\u00e9e de boissons \u00e0 des prix d\u00e9mocratiques. Il n&rsquo;est donc pas permis de consommer ou d&rsquo;apporter ses propres boissons dans l&rsquo;h\u00e9bergement.<\/p>\n","protected":false},"excerpt":{"rendered":"<p>\u00c9curies Il est agr\u00e9able de se balader \u00e0 cheval. Et quand c\u2019est avec votre propre animal, c\u2019est encore mieux. Vous pouvez s\u00e9journer avec votre cheval au Dotter17. Il sera bien au chaud dans une grande \u00e9curie o\u00f9 il pourra se reposer apr\u00e8s une promenade dans la r\u00e9serve naturelle. Mais nos chevaux aussi piaffent d\u2019impatience \u00e0 [&hellip;]<\/p>\n","protected":false},"author":2,"featured_media":0,"parent":0,"menu_order":0,"comment_status":"closed","ping_status":"closed","template":"template-faciliteiten.php","meta":{"_acf_changed":false,"footnotes":""},"class_list":["post-412","page","type-page","status-publish","hentry"],"acf":[],"yoast_head":"<!-- This site is optimized with the Yoast SEO plugin v27.0 - https:\/\/yoast.com\/product\/yoast-seo-wordpress\/ -->\n<title>Installations | Dotter 17 - D\u00e9couvrez tous nos installations<\/title>\n<meta name=\"description\" content=\"Installations | Dotter17 B&amp;B | \u2713 Cinq chambres spacieuses et confortables \u2713 Agr\u00e9able espace bien-\u00eatre \u2713 Aux portes des Ardennes flamandes\" \/>\n<meta name=\"robots\" content=\"index, follow, max-snippet:-1, max-image-preview:large, max-video-preview:-1\" \/>\n<link rel=\"canonical\" href=\"http:\/\/dotter17.be\/fr\/installations\/\" \/>\n<meta property=\"og:locale\" content=\"nl_BE\" \/>\n<meta property=\"og:type\" content=\"article\" \/>\n<meta property=\"og:title\" content=\"Installations | Dotter 17 - D\u00e9couvrez tous nos installations\" \/>\n<meta property=\"og:description\" content=\"Installations | Dotter17 B&amp;B | \u2713 Cinq chambres spacieuses et confortables \u2713 Agr\u00e9able espace bien-\u00eatre \u2713 Aux portes des Ardennes flamandes\" \/>\n<meta property=\"og:url\" content=\"http:\/\/dotter17.be\/fr\/installations\/\" \/>\n<meta property=\"og:site_name\" content=\"Dotter 17\" \/>\n<meta property=\"article:publisher\" content=\"https:\/\/www.facebook.com\/Dotter17\/\" \/>\n<meta property=\"article:modified_time\" content=\"2022-07-04T12:05:10+00:00\" \/>\n<meta name=\"twitter:card\" content=\"summary_large_image\" \/>\n<meta name=\"twitter:label1\" content=\"Dur\u00e9e de lecture estim\u00e9e\" \/>\n\t<meta name=\"twitter:data1\" content=\"1 minute\" \/>\n<script type=\"application\/ld+json\" class=\"yoast-schema-graph\">{\"@context\":\"https:\/\/schema.org\",\"@graph\":[{\"@type\":\"WebPage\",\"@id\":\"http:\/\/dotter17.be\/fr\/installations\/\",\"url\":\"http:\/\/dotter17.be\/fr\/installations\/\",\"name\":\"Installations | Dotter 17 - D\u00e9couvrez tous nos installations\",\"isPartOf\":{\"@id\":\"https:\/\/dotter17.be\/fr\/#website\"},\"datePublished\":\"2017-11-03T20:25:57+00:00\",\"dateModified\":\"2022-07-04T12:05:10+00:00\",\"description\":\"Installations | Dotter17 B&B | \u2713 Cinq chambres spacieuses et confortables \u2713 Agr\u00e9able espace bien-\u00eatre \u2713 Aux portes des Ardennes flamandes\",\"breadcrumb\":{\"@id\":\"http:\/\/dotter17.be\/fr\/installations\/#breadcrumb\"},\"inLanguage\":\"fr-FR\",\"potentialAction\":[{\"@type\":\"ReadAction\",\"target\":[\"http:\/\/dotter17.be\/fr\/installations\/\"]}]},{\"@type\":\"BreadcrumbList\",\"@id\":\"http:\/\/dotter17.be\/fr\/installations\/#breadcrumb\",\"itemListElement\":[{\"@type\":\"ListItem\",\"position\":1,\"name\":\"Home\",\"item\":\"https:\/\/dotter17.be\/fr\/\"},{\"@type\":\"ListItem\",\"position\":2,\"name\":\"Installations\"}]},{\"@type\":\"WebSite\",\"@id\":\"https:\/\/dotter17.be\/fr\/#website\",\"url\":\"https:\/\/dotter17.be\/fr\/\",\"name\":\"Dotter 17\",\"description\":\"\",\"publisher\":{\"@id\":\"https:\/\/dotter17.be\/fr\/#organization\"},\"potentialAction\":[{\"@type\":\"SearchAction\",\"target\":{\"@type\":\"EntryPoint\",\"urlTemplate\":\"https:\/\/dotter17.be\/fr\/?s={search_term_string}\"},\"query-input\":{\"@type\":\"PropertyValueSpecification\",\"valueRequired\":true,\"valueName\":\"search_term_string\"}}],\"inLanguage\":\"fr-FR\"},{\"@type\":\"Organization\",\"@id\":\"https:\/\/dotter17.be\/fr\/#organization\",\"name\":\"Dotter17\",\"url\":\"https:\/\/dotter17.be\/fr\/\",\"logo\":{\"@type\":\"ImageObject\",\"inLanguage\":\"fr-FR\",\"@id\":\"https:\/\/dotter17.be\/fr\/#\/schema\/logo\/image\/\",\"url\":\"https:\/\/dotter17.be\/wp-content\/uploads\/2018\/05\/logo.png\",\"contentUrl\":\"https:\/\/dotter17.be\/wp-content\/uploads\/2018\/05\/logo.png\",\"width\":250,\"height\":208,\"caption\":\"Dotter17\"},\"image\":{\"@id\":\"https:\/\/dotter17.be\/fr\/#\/schema\/logo\/image\/\"},\"sameAs\":[\"https:\/\/www.facebook.com\/Dotter17\/\",\"https:\/\/www.instagram.com\/17dotter\"]}]}<\/script>\n<!-- \/ Yoast SEO plugin. -->","yoast_head_json":{"title":"Installations | Dotter 17 - D\u00e9couvrez tous nos installations","description":"Installations | Dotter17 B&B | \u2713 Cinq chambres spacieuses et confortables \u2713 Agr\u00e9able espace bien-\u00eatre \u2713 Aux portes des Ardennes flamandes","robots":{"index":"index","follow":"follow","max-snippet":"max-snippet:-1","max-image-preview":"max-image-preview:large","max-video-preview":"max-video-preview:-1"},"canonical":"http:\/\/dotter17.be\/fr\/installations\/","og_locale":"nl_BE","og_type":"article","og_title":"Installations | Dotter 17 - D\u00e9couvrez tous nos installations","og_description":"Installations | Dotter17 B&B | \u2713 Cinq chambres spacieuses et confortables \u2713 Agr\u00e9able espace bien-\u00eatre \u2713 Aux portes des Ardennes flamandes","og_url":"http:\/\/dotter17.be\/fr\/installations\/","og_site_name":"Dotter 17","article_publisher":"https:\/\/www.facebook.com\/Dotter17\/","article_modified_time":"2022-07-04T12:05:10+00:00","twitter_card":"summary_large_image","twitter_misc":{"Dur\u00e9e de lecture estim\u00e9e":"1 minute"},"schema":{"@context":"https:\/\/schema.org","@graph":[{"@type":"WebPage","@id":"http:\/\/dotter17.be\/fr\/installations\/","url":"http:\/\/dotter17.be\/fr\/installations\/","name":"Installations | Dotter 17 - D\u00e9couvrez tous nos installations","isPartOf":{"@id":"https:\/\/dotter17.be\/fr\/#website"},"datePublished":"2017-11-03T20:25:57+00:00","dateModified":"2022-07-04T12:05:10+00:00","description":"Installations | Dotter17 B&B | \u2713 Cinq chambres spacieuses et confortables \u2713 Agr\u00e9able espace bien-\u00eatre \u2713 Aux portes des Ardennes flamandes","breadcrumb":{"@id":"http:\/\/dotter17.be\/fr\/installations\/#breadcrumb"},"inLanguage":"fr-FR","potentialAction":[{"@type":"ReadAction","target":["http:\/\/dotter17.be\/fr\/installations\/"]}]},{"@type":"BreadcrumbList","@id":"http:\/\/dotter17.be\/fr\/installations\/#breadcrumb","itemListElement":[{"@type":"ListItem","position":1,"name":"Home","item":"https:\/\/dotter17.be\/fr\/"},{"@type":"ListItem","position":2,"name":"Installations"}]},{"@type":"WebSite","@id":"https:\/\/dotter17.be\/fr\/#website","url":"https:\/\/dotter17.be\/fr\/","name":"Dotter 17","description":"","publisher":{"@id":"https:\/\/dotter17.be\/fr\/#organization"},"potentialAction":[{"@type":"SearchAction","target":{"@type":"EntryPoint","urlTemplate":"https:\/\/dotter17.be\/fr\/?s={search_term_string}"},"query-input":{"@type":"PropertyValueSpecification","valueRequired":true,"valueName":"search_term_string"}}],"inLanguage":"fr-FR"},{"@type":"Organization","@id":"https:\/\/dotter17.be\/fr\/#organization","name":"Dotter17","url":"https:\/\/dotter17.be\/fr\/","logo":{"@type":"ImageObject","inLanguage":"fr-FR","@id":"https:\/\/dotter17.be\/fr\/#\/schema\/logo\/image\/","url":"https:\/\/dotter17.be\/wp-content\/uploads\/2018\/05\/logo.png","contentUrl":"https:\/\/dotter17.be\/wp-content\/uploads\/2018\/05\/logo.png","width":250,"height":208,"caption":"Dotter17"},"image":{"@id":"https:\/\/dotter17.be\/fr\/#\/schema\/logo\/image\/"},"sameAs":["https:\/\/www.facebook.com\/Dotter17\/","https:\/\/www.instagram.com\/17dotter"]}]}},"_links":{"self":[{"href":"https:\/\/dotter17.be\/fr\/wp-json\/wp\/v2\/pages\/412","targetHints":{"allow":["GET"]}}],"collection":[{"href":"https:\/\/dotter17.be\/fr\/wp-json\/wp\/v2\/pages"}],"about":[{"href":"https:\/\/dotter17.be\/fr\/wp-json\/wp\/v2\/types\/page"}],"author":[{"embeddable":true,"href":"https:\/\/dotter17.be\/fr\/wp-json\/wp\/v2\/users\/2"}],"replies":[{"embeddable":true,"href":"https:\/\/dotter17.be\/fr\/wp-json\/wp\/v2\/comments?post=412"}],"version-history":[{"count":1,"href":"https:\/\/dotter17.be\/fr\/wp-json\/wp\/v2\/pages\/412\/revisions"}],"predecessor-version":[{"id":2505,"href":"https:\/\/dotter17.be\/fr\/wp-json\/wp\/v2\/pages\/412\/revisions\/2505"}],"wp:attachment":[{"href":"https:\/\/dotter17.be\/fr\/wp-json\/wp\/v2\/media?parent=412"}],"curies":[{"name":"wp","href":"https:\/\/api.w.org\/{rel}","templated":true}]}}