{"id":198,"date":"2017-09-16T16:52:59","date_gmt":"2017-09-16T14:52:59","guid":{"rendered":"https:\/\/dotter17.be\/bezienswaardigheden-nl\/"},"modified":"2018-11-15T11:26:25","modified_gmt":"2018-11-15T10:26:25","slug":"curiosites","status":"publish","type":"page","link":"http:\/\/dotter17.be\/fr\/curiosites\/","title":{"rendered":"Curiosit\u00e9s"},"content":{"rendered":"<p>Les amateurs de v\u00e9lo pourront s\u2019en donner \u00e0 c\u0153ur joie puisque plusieurs classiques du printemps traversent notre r\u00e9gion. Celles et ceux qui raffolent de visites en ville ne sont qu\u2019\u00e0 un jet de pierre d\u2019Alost, de Ninove ou de Zottegem, alors que Gand et Bruxelles ne sont qu\u2019\u00e0 30 petites minutes d\u2019Aaigem. Nous serons ravis de vous recommander nos bons plans ainsi que les \u00e9v\u00e9nements et activit\u00e9s en tout genre organis\u00e9s dans notre belle commune ou \u00e0 proximit\u00e9.<\/p>\n","protected":false},"excerpt":{"rendered":"<p>Les amateurs de v\u00e9lo pourront s\u2019en donner \u00e0 c\u0153ur joie puisque plusieurs classiques du printemps traversent notre r\u00e9gion. Celles et ceux qui raffolent de visites en ville ne sont qu\u2019\u00e0 un jet de pierre d\u2019Alost, de Ninove ou de Zottegem, alors que Gand et Bruxelles ne sont qu\u2019\u00e0 30 petites minutes d\u2019Aaigem. Nous serons ravis [&hellip;]<\/p>\n","protected":false},"author":2,"featured_media":0,"parent":0,"menu_order":0,"comment_status":"closed","ping_status":"closed","template":"template-places.php","meta":{"_acf_changed":false,"footnotes":""},"class_list":["post-198","page","type-page","status-publish","hentry"],"acf":[],"yoast_head":"<!-- This site is optimized with the Yoast SEO plugin v27.0 - https:\/\/yoast.com\/product\/yoast-seo-wordpress\/ -->\n<title>Curiosit\u00e9s | Dotter 17 - D\u00e9couvrir tous les curiosit\u00e9s dans la r\u00e9gion<\/title>\n<meta name=\"description\" content=\"Curiosit\u00e9s | Dotter17 B&amp;B | \u2713 Cinq chambres spacieuses et confortables \u2713 Agr\u00e9able espace bien-\u00eatre \u2713 Aux portes des Ardennes flamandes\" \/>\n<meta name=\"robots\" content=\"index, follow, max-snippet:-1, max-image-preview:large, max-video-preview:-1\" \/>\n<link rel=\"canonical\" href=\"http:\/\/dotter17.be\/fr\/curiosites\/\" \/>\n<meta property=\"og:locale\" content=\"nl_BE\" \/>\n<meta property=\"og:type\" content=\"article\" \/>\n<meta property=\"og:title\" content=\"Curiosit\u00e9s | Dotter 17 - D\u00e9couvrir tous les curiosit\u00e9s dans la r\u00e9gion\" \/>\n<meta property=\"og:description\" content=\"Curiosit\u00e9s | Dotter17 B&amp;B | \u2713 Cinq chambres spacieuses et confortables \u2713 Agr\u00e9able espace bien-\u00eatre \u2713 Aux portes des Ardennes flamandes\" \/>\n<meta property=\"og:url\" content=\"http:\/\/dotter17.be\/fr\/curiosites\/\" \/>\n<meta property=\"og:site_name\" content=\"Dotter 17\" \/>\n<meta property=\"article:publisher\" content=\"https:\/\/www.facebook.com\/Dotter17\/\" \/>\n<meta property=\"article:modified_time\" content=\"2018-11-15T10:26:25+00:00\" \/>\n<meta name=\"twitter:card\" content=\"summary_large_image\" \/>\n<script type=\"application\/ld+json\" class=\"yoast-schema-graph\">{\"@context\":\"https:\/\/schema.org\",\"@graph\":[{\"@type\":\"WebPage\",\"@id\":\"http:\/\/dotter17.be\/fr\/curiosites\/\",\"url\":\"http:\/\/dotter17.be\/fr\/curiosites\/\",\"name\":\"Curiosit\u00e9s | Dotter 17 - D\u00e9couvrir tous les curiosit\u00e9s dans la r\u00e9gion\",\"isPartOf\":{\"@id\":\"https:\/\/dotter17.be\/fr\/#website\"},\"datePublished\":\"2017-09-16T14:52:59+00:00\",\"dateModified\":\"2018-11-15T10:26:25+00:00\",\"description\":\"Curiosit\u00e9s | Dotter17 B&B | \u2713 Cinq chambres spacieuses et confortables \u2713 Agr\u00e9able espace bien-\u00eatre \u2713 Aux portes des Ardennes flamandes\",\"breadcrumb\":{\"@id\":\"http:\/\/dotter17.be\/fr\/curiosites\/#breadcrumb\"},\"inLanguage\":\"fr-FR\",\"potentialAction\":[{\"@type\":\"ReadAction\",\"target\":[\"http:\/\/dotter17.be\/fr\/curiosites\/\"]}]},{\"@type\":\"BreadcrumbList\",\"@id\":\"http:\/\/dotter17.be\/fr\/curiosites\/#breadcrumb\",\"itemListElement\":[{\"@type\":\"ListItem\",\"position\":1,\"name\":\"Home\",\"item\":\"https:\/\/dotter17.be\/fr\/\"},{\"@type\":\"ListItem\",\"position\":2,\"name\":\"Curiosit\u00e9s\"}]},{\"@type\":\"WebSite\",\"@id\":\"https:\/\/dotter17.be\/fr\/#website\",\"url\":\"https:\/\/dotter17.be\/fr\/\",\"name\":\"Dotter 17\",\"description\":\"\",\"publisher\":{\"@id\":\"https:\/\/dotter17.be\/fr\/#organization\"},\"potentialAction\":[{\"@type\":\"SearchAction\",\"target\":{\"@type\":\"EntryPoint\",\"urlTemplate\":\"https:\/\/dotter17.be\/fr\/?s={search_term_string}\"},\"query-input\":{\"@type\":\"PropertyValueSpecification\",\"valueRequired\":true,\"valueName\":\"search_term_string\"}}],\"inLanguage\":\"fr-FR\"},{\"@type\":\"Organization\",\"@id\":\"https:\/\/dotter17.be\/fr\/#organization\",\"name\":\"Dotter17\",\"url\":\"https:\/\/dotter17.be\/fr\/\",\"logo\":{\"@type\":\"ImageObject\",\"inLanguage\":\"fr-FR\",\"@id\":\"https:\/\/dotter17.be\/fr\/#\/schema\/logo\/image\/\",\"url\":\"https:\/\/dotter17.be\/wp-content\/uploads\/2018\/05\/logo.png\",\"contentUrl\":\"https:\/\/dotter17.be\/wp-content\/uploads\/2018\/05\/logo.png\",\"width\":250,\"height\":208,\"caption\":\"Dotter17\"},\"image\":{\"@id\":\"https:\/\/dotter17.be\/fr\/#\/schema\/logo\/image\/\"},\"sameAs\":[\"https:\/\/www.facebook.com\/Dotter17\/\",\"https:\/\/www.instagram.com\/17dotter\"]}]}<\/script>\n<!-- \/ Yoast SEO plugin. -->","yoast_head_json":{"title":"Curiosit\u00e9s | Dotter 17 - D\u00e9couvrir tous les curiosit\u00e9s dans la r\u00e9gion","description":"Curiosit\u00e9s | Dotter17 B&B | \u2713 Cinq chambres spacieuses et confortables \u2713 Agr\u00e9able espace bien-\u00eatre \u2713 Aux portes des Ardennes flamandes","robots":{"index":"index","follow":"follow","max-snippet":"max-snippet:-1","max-image-preview":"max-image-preview:large","max-video-preview":"max-video-preview:-1"},"canonical":"http:\/\/dotter17.be\/fr\/curiosites\/","og_locale":"nl_BE","og_type":"article","og_title":"Curiosit\u00e9s | Dotter 17 - D\u00e9couvrir tous les curiosit\u00e9s dans la r\u00e9gion","og_description":"Curiosit\u00e9s | Dotter17 B&B | \u2713 Cinq chambres spacieuses et confortables \u2713 Agr\u00e9able espace bien-\u00eatre \u2713 Aux portes des Ardennes flamandes","og_url":"http:\/\/dotter17.be\/fr\/curiosites\/","og_site_name":"Dotter 17","article_publisher":"https:\/\/www.facebook.com\/Dotter17\/","article_modified_time":"2018-11-15T10:26:25+00:00","twitter_card":"summary_large_image","schema":{"@context":"https:\/\/schema.org","@graph":[{"@type":"WebPage","@id":"http:\/\/dotter17.be\/fr\/curiosites\/","url":"http:\/\/dotter17.be\/fr\/curiosites\/","name":"Curiosit\u00e9s | Dotter 17 - D\u00e9couvrir tous les curiosit\u00e9s dans la r\u00e9gion","isPartOf":{"@id":"https:\/\/dotter17.be\/fr\/#website"},"datePublished":"2017-09-16T14:52:59+00:00","dateModified":"2018-11-15T10:26:25+00:00","description":"Curiosit\u00e9s | Dotter17 B&B | \u2713 Cinq chambres spacieuses et confortables \u2713 Agr\u00e9able espace bien-\u00eatre \u2713 Aux portes des Ardennes flamandes","breadcrumb":{"@id":"http:\/\/dotter17.be\/fr\/curiosites\/#breadcrumb"},"inLanguage":"fr-FR","potentialAction":[{"@type":"ReadAction","target":["http:\/\/dotter17.be\/fr\/curiosites\/"]}]},{"@type":"BreadcrumbList","@id":"http:\/\/dotter17.be\/fr\/curiosites\/#breadcrumb","itemListElement":[{"@type":"ListItem","position":1,"name":"Home","item":"https:\/\/dotter17.be\/fr\/"},{"@type":"ListItem","position":2,"name":"Curiosit\u00e9s"}]},{"@type":"WebSite","@id":"https:\/\/dotter17.be\/fr\/#website","url":"https:\/\/dotter17.be\/fr\/","name":"Dotter 17","description":"","publisher":{"@id":"https:\/\/dotter17.be\/fr\/#organization"},"potentialAction":[{"@type":"SearchAction","target":{"@type":"EntryPoint","urlTemplate":"https:\/\/dotter17.be\/fr\/?s={search_term_string}"},"query-input":{"@type":"PropertyValueSpecification","valueRequired":true,"valueName":"search_term_string"}}],"inLanguage":"fr-FR"},{"@type":"Organization","@id":"https:\/\/dotter17.be\/fr\/#organization","name":"Dotter17","url":"https:\/\/dotter17.be\/fr\/","logo":{"@type":"ImageObject","inLanguage":"fr-FR","@id":"https:\/\/dotter17.be\/fr\/#\/schema\/logo\/image\/","url":"https:\/\/dotter17.be\/wp-content\/uploads\/2018\/05\/logo.png","contentUrl":"https:\/\/dotter17.be\/wp-content\/uploads\/2018\/05\/logo.png","width":250,"height":208,"caption":"Dotter17"},"image":{"@id":"https:\/\/dotter17.be\/fr\/#\/schema\/logo\/image\/"},"sameAs":["https:\/\/www.facebook.com\/Dotter17\/","https:\/\/www.instagram.com\/17dotter"]}]}},"_links":{"self":[{"href":"https:\/\/dotter17.be\/fr\/wp-json\/wp\/v2\/pages\/198","targetHints":{"allow":["GET"]}}],"collection":[{"href":"https:\/\/dotter17.be\/fr\/wp-json\/wp\/v2\/pages"}],"about":[{"href":"https:\/\/dotter17.be\/fr\/wp-json\/wp\/v2\/types\/page"}],"author":[{"embeddable":true,"href":"https:\/\/dotter17.be\/fr\/wp-json\/wp\/v2\/users\/2"}],"replies":[{"embeddable":true,"href":"https:\/\/dotter17.be\/fr\/wp-json\/wp\/v2\/comments?post=198"}],"version-history":[{"count":0,"href":"https:\/\/dotter17.be\/fr\/wp-json\/wp\/v2\/pages\/198\/revisions"}],"wp:attachment":[{"href":"https:\/\/dotter17.be\/fr\/wp-json\/wp\/v2\/media?parent=198"}],"curies":[{"name":"wp","href":"https:\/\/api.w.org\/{rel}","templated":true}]}}