{"id":192,"date":"2017-09-16T13:00:54","date_gmt":"2017-09-16T11:00:54","guid":{"rendered":"https:\/\/dotter17.be\/over-ons-nl\/"},"modified":"2018-11-15T11:20:48","modified_gmt":"2018-11-15T10:20:48","slug":"qui-sommes-nous","status":"publish","type":"page","link":"http:\/\/dotter17.be\/fr\/qui-sommes-nous\/","title":{"rendered":"Qui sommes-nous"},"content":{"rendered":"<p>Il \u00e9tait \u00e9crit dans les astres que Lieve, l&rsquo;h\u00f4tesse de la maison, choisirait un jour de choyer des h\u00f4tes. Quand elle est tomb\u00e9e sur une superbe maison de caract\u00e8re \u00e0 quelques encablures du centre du village d\u2019Aaigem, son mari Dries l\u2019a tout de suite suivie dans son projet. L\u2019importance qu\u2019elle accorde aux petites attentions, la brique qu\u2019il a dans le ventre et l\u2019\u00e9nergie de leurs fils Lars et Briek font de Dotter17 un lieu tr\u00e8s sp\u00e9cial.<\/p>\n","protected":false},"excerpt":{"rendered":"<p>Il \u00e9tait \u00e9crit dans les astres que Lieve, l&rsquo;h\u00f4tesse de la maison, choisirait un jour de choyer des h\u00f4tes. Quand elle est tomb\u00e9e sur une superbe maison de caract\u00e8re \u00e0 quelques encablures du centre du village d\u2019Aaigem, son mari Dries l\u2019a tout de suite suivie dans son projet. L\u2019importance qu\u2019elle accorde aux petites attentions, la [&hellip;]<\/p>\n","protected":false},"author":2,"featured_media":535,"parent":0,"menu_order":0,"comment_status":"closed","ping_status":"closed","template":"","meta":{"_acf_changed":false,"footnotes":""},"class_list":["post-192","page","type-page","status-publish","has-post-thumbnail","hentry"],"acf":[],"yoast_head":"<!-- This site is optimized with the Yoast SEO plugin v27.0 - https:\/\/yoast.com\/product\/yoast-seo-wordpress\/ -->\n<title>Qui sommes-nous | Dotter 17<\/title>\n<meta name=\"description\" content=\"Qui sommes nous | Dotter17 B&amp;B | \u2713 Cinq chambres spacieuses et confortables \u2713 Agr\u00e9able espace bien-\u00eatre \u2713 Aux portes des Ardennes flamandes\" \/>\n<meta name=\"robots\" content=\"index, follow, max-snippet:-1, max-image-preview:large, max-video-preview:-1\" \/>\n<link rel=\"canonical\" href=\"http:\/\/dotter17.be\/fr\/qui-sommes-nous\/\" \/>\n<meta property=\"og:locale\" content=\"nl_BE\" \/>\n<meta property=\"og:type\" content=\"article\" \/>\n<meta property=\"og:title\" content=\"Qui sommes-nous | Dotter 17\" \/>\n<meta property=\"og:description\" content=\"Qui sommes nous | Dotter17 B&amp;B | \u2713 Cinq chambres spacieuses et confortables \u2713 Agr\u00e9able espace bien-\u00eatre \u2713 Aux portes des Ardennes flamandes\" \/>\n<meta property=\"og:url\" content=\"http:\/\/dotter17.be\/fr\/qui-sommes-nous\/\" \/>\n<meta property=\"og:site_name\" content=\"Dotter 17\" \/>\n<meta property=\"article:publisher\" content=\"https:\/\/www.facebook.com\/Dotter17\/\" \/>\n<meta property=\"article:modified_time\" content=\"2018-11-15T10:20:48+00:00\" \/>\n<meta property=\"og:image\" content=\"https:\/\/dotter17.be\/wp-content\/uploads\/2017\/09\/gezin.jpg\" \/>\n\t<meta property=\"og:image:width\" content=\"960\" \/>\n\t<meta property=\"og:image:height\" content=\"720\" \/>\n\t<meta property=\"og:image:type\" content=\"image\/jpeg\" \/>\n<meta name=\"twitter:card\" content=\"summary_large_image\" \/>\n<script type=\"application\/ld+json\" class=\"yoast-schema-graph\">{\"@context\":\"https:\/\/schema.org\",\"@graph\":[{\"@type\":\"WebPage\",\"@id\":\"http:\/\/dotter17.be\/fr\/qui-sommes-nous\/\",\"url\":\"http:\/\/dotter17.be\/fr\/qui-sommes-nous\/\",\"name\":\"Qui sommes-nous | Dotter 17\",\"isPartOf\":{\"@id\":\"https:\/\/dotter17.be\/fr\/#website\"},\"primaryImageOfPage\":{\"@id\":\"http:\/\/dotter17.be\/fr\/qui-sommes-nous\/#primaryimage\"},\"image\":{\"@id\":\"http:\/\/dotter17.be\/fr\/qui-sommes-nous\/#primaryimage\"},\"thumbnailUrl\":\"https:\/\/dotter17.be\/wp-content\/uploads\/2017\/09\/gezin.jpg\",\"datePublished\":\"2017-09-16T11:00:54+00:00\",\"dateModified\":\"2018-11-15T10:20:48+00:00\",\"description\":\"Qui sommes nous | Dotter17 B&B | \u2713 Cinq chambres spacieuses et confortables \u2713 Agr\u00e9able espace bien-\u00eatre \u2713 Aux portes des Ardennes flamandes\",\"breadcrumb\":{\"@id\":\"http:\/\/dotter17.be\/fr\/qui-sommes-nous\/#breadcrumb\"},\"inLanguage\":\"fr-FR\",\"potentialAction\":[{\"@type\":\"ReadAction\",\"target\":[\"http:\/\/dotter17.be\/fr\/qui-sommes-nous\/\"]}]},{\"@type\":\"ImageObject\",\"inLanguage\":\"fr-FR\",\"@id\":\"http:\/\/dotter17.be\/fr\/qui-sommes-nous\/#primaryimage\",\"url\":\"https:\/\/dotter17.be\/wp-content\/uploads\/2017\/09\/gezin.jpg\",\"contentUrl\":\"https:\/\/dotter17.be\/wp-content\/uploads\/2017\/09\/gezin.jpg\",\"width\":960,\"height\":720,\"caption\":\"Gastvrouw Lieve, Dries,\"},{\"@type\":\"BreadcrumbList\",\"@id\":\"http:\/\/dotter17.be\/fr\/qui-sommes-nous\/#breadcrumb\",\"itemListElement\":[{\"@type\":\"ListItem\",\"position\":1,\"name\":\"Home\",\"item\":\"https:\/\/dotter17.be\/fr\/\"},{\"@type\":\"ListItem\",\"position\":2,\"name\":\"Qui sommes-nous\"}]},{\"@type\":\"WebSite\",\"@id\":\"https:\/\/dotter17.be\/fr\/#website\",\"url\":\"https:\/\/dotter17.be\/fr\/\",\"name\":\"Dotter 17\",\"description\":\"\",\"publisher\":{\"@id\":\"https:\/\/dotter17.be\/fr\/#organization\"},\"potentialAction\":[{\"@type\":\"SearchAction\",\"target\":{\"@type\":\"EntryPoint\",\"urlTemplate\":\"https:\/\/dotter17.be\/fr\/?s={search_term_string}\"},\"query-input\":{\"@type\":\"PropertyValueSpecification\",\"valueRequired\":true,\"valueName\":\"search_term_string\"}}],\"inLanguage\":\"fr-FR\"},{\"@type\":\"Organization\",\"@id\":\"https:\/\/dotter17.be\/fr\/#organization\",\"name\":\"Dotter17\",\"url\":\"https:\/\/dotter17.be\/fr\/\",\"logo\":{\"@type\":\"ImageObject\",\"inLanguage\":\"fr-FR\",\"@id\":\"https:\/\/dotter17.be\/fr\/#\/schema\/logo\/image\/\",\"url\":\"https:\/\/dotter17.be\/wp-content\/uploads\/2018\/05\/logo.png\",\"contentUrl\":\"https:\/\/dotter17.be\/wp-content\/uploads\/2018\/05\/logo.png\",\"width\":250,\"height\":208,\"caption\":\"Dotter17\"},\"image\":{\"@id\":\"https:\/\/dotter17.be\/fr\/#\/schema\/logo\/image\/\"},\"sameAs\":[\"https:\/\/www.facebook.com\/Dotter17\/\",\"https:\/\/www.instagram.com\/17dotter\"]}]}<\/script>\n<!-- \/ Yoast SEO plugin. -->","yoast_head_json":{"title":"Qui sommes-nous | Dotter 17","description":"Qui sommes nous | Dotter17 B&B | \u2713 Cinq chambres spacieuses et confortables \u2713 Agr\u00e9able espace bien-\u00eatre \u2713 Aux portes des Ardennes flamandes","robots":{"index":"index","follow":"follow","max-snippet":"max-snippet:-1","max-image-preview":"max-image-preview:large","max-video-preview":"max-video-preview:-1"},"canonical":"http:\/\/dotter17.be\/fr\/qui-sommes-nous\/","og_locale":"nl_BE","og_type":"article","og_title":"Qui sommes-nous | Dotter 17","og_description":"Qui sommes nous | Dotter17 B&B | \u2713 Cinq chambres spacieuses et confortables \u2713 Agr\u00e9able espace bien-\u00eatre \u2713 Aux portes des Ardennes flamandes","og_url":"http:\/\/dotter17.be\/fr\/qui-sommes-nous\/","og_site_name":"Dotter 17","article_publisher":"https:\/\/www.facebook.com\/Dotter17\/","article_modified_time":"2018-11-15T10:20:48+00:00","og_image":[{"width":960,"height":720,"url":"https:\/\/dotter17.be\/wp-content\/uploads\/2017\/09\/gezin.jpg","type":"image\/jpeg"}],"twitter_card":"summary_large_image","schema":{"@context":"https:\/\/schema.org","@graph":[{"@type":"WebPage","@id":"http:\/\/dotter17.be\/fr\/qui-sommes-nous\/","url":"http:\/\/dotter17.be\/fr\/qui-sommes-nous\/","name":"Qui sommes-nous | Dotter 17","isPartOf":{"@id":"https:\/\/dotter17.be\/fr\/#website"},"primaryImageOfPage":{"@id":"http:\/\/dotter17.be\/fr\/qui-sommes-nous\/#primaryimage"},"image":{"@id":"http:\/\/dotter17.be\/fr\/qui-sommes-nous\/#primaryimage"},"thumbnailUrl":"https:\/\/dotter17.be\/wp-content\/uploads\/2017\/09\/gezin.jpg","datePublished":"2017-09-16T11:00:54+00:00","dateModified":"2018-11-15T10:20:48+00:00","description":"Qui sommes nous | Dotter17 B&B | \u2713 Cinq chambres spacieuses et confortables \u2713 Agr\u00e9able espace bien-\u00eatre \u2713 Aux portes des Ardennes flamandes","breadcrumb":{"@id":"http:\/\/dotter17.be\/fr\/qui-sommes-nous\/#breadcrumb"},"inLanguage":"fr-FR","potentialAction":[{"@type":"ReadAction","target":["http:\/\/dotter17.be\/fr\/qui-sommes-nous\/"]}]},{"@type":"ImageObject","inLanguage":"fr-FR","@id":"http:\/\/dotter17.be\/fr\/qui-sommes-nous\/#primaryimage","url":"https:\/\/dotter17.be\/wp-content\/uploads\/2017\/09\/gezin.jpg","contentUrl":"https:\/\/dotter17.be\/wp-content\/uploads\/2017\/09\/gezin.jpg","width":960,"height":720,"caption":"Gastvrouw Lieve, Dries,"},{"@type":"BreadcrumbList","@id":"http:\/\/dotter17.be\/fr\/qui-sommes-nous\/#breadcrumb","itemListElement":[{"@type":"ListItem","position":1,"name":"Home","item":"https:\/\/dotter17.be\/fr\/"},{"@type":"ListItem","position":2,"name":"Qui sommes-nous"}]},{"@type":"WebSite","@id":"https:\/\/dotter17.be\/fr\/#website","url":"https:\/\/dotter17.be\/fr\/","name":"Dotter 17","description":"","publisher":{"@id":"https:\/\/dotter17.be\/fr\/#organization"},"potentialAction":[{"@type":"SearchAction","target":{"@type":"EntryPoint","urlTemplate":"https:\/\/dotter17.be\/fr\/?s={search_term_string}"},"query-input":{"@type":"PropertyValueSpecification","valueRequired":true,"valueName":"search_term_string"}}],"inLanguage":"fr-FR"},{"@type":"Organization","@id":"https:\/\/dotter17.be\/fr\/#organization","name":"Dotter17","url":"https:\/\/dotter17.be\/fr\/","logo":{"@type":"ImageObject","inLanguage":"fr-FR","@id":"https:\/\/dotter17.be\/fr\/#\/schema\/logo\/image\/","url":"https:\/\/dotter17.be\/wp-content\/uploads\/2018\/05\/logo.png","contentUrl":"https:\/\/dotter17.be\/wp-content\/uploads\/2018\/05\/logo.png","width":250,"height":208,"caption":"Dotter17"},"image":{"@id":"https:\/\/dotter17.be\/fr\/#\/schema\/logo\/image\/"},"sameAs":["https:\/\/www.facebook.com\/Dotter17\/","https:\/\/www.instagram.com\/17dotter"]}]}},"_links":{"self":[{"href":"https:\/\/dotter17.be\/fr\/wp-json\/wp\/v2\/pages\/192","targetHints":{"allow":["GET"]}}],"collection":[{"href":"https:\/\/dotter17.be\/fr\/wp-json\/wp\/v2\/pages"}],"about":[{"href":"https:\/\/dotter17.be\/fr\/wp-json\/wp\/v2\/types\/page"}],"author":[{"embeddable":true,"href":"https:\/\/dotter17.be\/fr\/wp-json\/wp\/v2\/users\/2"}],"replies":[{"embeddable":true,"href":"https:\/\/dotter17.be\/fr\/wp-json\/wp\/v2\/comments?post=192"}],"version-history":[{"count":0,"href":"https:\/\/dotter17.be\/fr\/wp-json\/wp\/v2\/pages\/192\/revisions"}],"wp:featuredmedia":[{"embeddable":true,"href":"https:\/\/dotter17.be\/fr\/wp-json\/wp\/v2\/media\/535"}],"wp:attachment":[{"href":"https:\/\/dotter17.be\/fr\/wp-json\/wp\/v2\/media?parent=192"}],"curies":[{"name":"wp","href":"https:\/\/api.w.org\/{rel}","templated":true}]}}