{"id":1663,"date":"2018-11-15T16:55:42","date_gmt":"2018-11-15T15:55:42","guid":{"rendered":"https:\/\/dotter17.be\/?page_id=1663"},"modified":"2023-03-14T11:21:38","modified_gmt":"2023-03-14T10:21:38","slug":"politique-en-matiere-de-cookies","status":"publish","type":"page","link":"http:\/\/dotter17.be\/fr\/politique-en-matiere-de-cookies\/","title":{"rendered":"Politique en mati\u00e8re de cookies"},"content":{"rendered":"<p><em>Derni\u00e8re mise \u00e0 jour le 14\/11\/2018.<\/em><\/p>\n<h2>1.\u00a0\u00a0\u00a0 Bienvenue<\/h2>\n<p>Nous sommes Lb Invest, une SPRL, \u00e9tablie \u00e0 Ratmolenstraat 17, 9420 Erpe-Mere, avec num\u00e9ro d\u2019entreprise BE0668838358.<\/p>\n<p>Dans la pr\u00e9sente Politique en mati\u00e8re de cookies, nous vous expliquons quelles informations nous pouvons collecter via notre site Internet gr\u00e2ce aux cookies et comment nous les utilisons pour am\u00e9liorer nos services.<\/p>\n<p>En utilisant notre site Internet, vous acceptez notre usage des cookies.<\/p>\n<p>Cette Politique en mati\u00e8re de cookies fait partie int\u00e9grante de nos <u>Conditions g\u00e9n\u00e9rales<\/u>.<\/p>\n<h2>2.\u00a0\u00a0\u00a0 Cookies<\/h2>\n<p>Un <em>cookie<\/em> est un petit fichier install\u00e9 temporairement par une page Internet sur votre ordinateur ou appareil mobile quand vous visitez un site Internet. Un cookie nous permet d\u2019identifier l\u2019appareil avec lequel vous visitez notre site sans que cela nous donne acc\u00e8s \u00e0 vos donn\u00e9es personnelles.<\/p>\n<p>Les cookies sont faciles \u00e0 supprimer via les r\u00e9glages de votre navigateur. Vous pouvez param\u00e9trer votre navigateur de mani\u00e8re \u00e0 ce qu\u2019il refuse syst\u00e9matiquement les cookies. Cependant, cela peut g\u00eaner l\u2019utilisation de notre site Internet ou emp\u00eacher l\u2019acc\u00e8s \u00e0 certaines fonctionnalit\u00e9s.<\/p>\n<h2>Types de cookies<\/h2>\n<p><script type=\"text\/javascript\" charset=\"UTF-8\"  data-cookiescriptreport=\"report\" src=\"\/\/report.cookie-script.com\/r\/e67950fa8b854cb6cc689b527b244ecb.js\"><\/script><\/p>\n","protected":false},"excerpt":{"rendered":"<p>Derni\u00e8re mise \u00e0 jour le 14\/11\/2018. 1.\u00a0\u00a0\u00a0 Bienvenue Nous sommes Lb Invest, une SPRL, \u00e9tablie \u00e0 Ratmolenstraat 17, 9420 Erpe-Mere, avec num\u00e9ro d\u2019entreprise BE0668838358. Dans la pr\u00e9sente Politique en mati\u00e8re de cookies, nous vous expliquons quelles informations nous pouvons collecter via notre site Internet gr\u00e2ce aux cookies et comment nous les utilisons pour am\u00e9liorer nos [&hellip;]<\/p>\n","protected":false},"author":2,"featured_media":0,"parent":0,"menu_order":0,"comment_status":"closed","ping_status":"closed","template":"","meta":{"_acf_changed":false,"footnotes":""},"class_list":["post-1663","page","type-page","status-publish","hentry"],"acf":[],"yoast_head":"<!-- This site is optimized with the Yoast SEO plugin v27.0 - https:\/\/yoast.com\/product\/yoast-seo-wordpress\/ -->\n<title>Dotter 17 - Politique en mati\u00e8re de cookies<\/title>\n<meta name=\"robots\" content=\"index, follow, max-snippet:-1, max-image-preview:large, max-video-preview:-1\" \/>\n<link rel=\"canonical\" href=\"http:\/\/dotter17.be\/fr\/politique-en-matiere-de-cookies\/\" \/>\n<meta property=\"og:locale\" content=\"nl_BE\" \/>\n<meta property=\"og:type\" content=\"article\" \/>\n<meta property=\"og:title\" content=\"Dotter 17 - Politique en mati\u00e8re de cookies\" \/>\n<meta property=\"og:description\" content=\"Derni\u00e8re mise \u00e0 jour le 14\/11\/2018. 1.\u00a0\u00a0\u00a0 Bienvenue Nous sommes Lb Invest, une SPRL, \u00e9tablie \u00e0 Ratmolenstraat 17, 9420 Erpe-Mere, avec num\u00e9ro d\u2019entreprise BE0668838358. Dans la pr\u00e9sente Politique en mati\u00e8re de cookies, nous vous expliquons quelles informations nous pouvons collecter via notre site Internet gr\u00e2ce aux cookies et comment nous les utilisons pour am\u00e9liorer nos [&hellip;]\" \/>\n<meta property=\"og:url\" content=\"http:\/\/dotter17.be\/fr\/politique-en-matiere-de-cookies\/\" \/>\n<meta property=\"og:site_name\" content=\"Dotter 17\" \/>\n<meta property=\"article:publisher\" content=\"https:\/\/www.facebook.com\/Dotter17\/\" \/>\n<meta property=\"article:modified_time\" content=\"2023-03-14T10:21:38+00:00\" \/>\n<meta name=\"twitter:card\" content=\"summary_large_image\" \/>\n<meta name=\"twitter:label1\" content=\"Dur\u00e9e de lecture estim\u00e9e\" \/>\n\t<meta name=\"twitter:data1\" content=\"2 minutes\" \/>\n<script type=\"application\/ld+json\" class=\"yoast-schema-graph\">{\"@context\":\"https:\/\/schema.org\",\"@graph\":[{\"@type\":\"WebPage\",\"@id\":\"http:\/\/dotter17.be\/fr\/politique-en-matiere-de-cookies\/\",\"url\":\"http:\/\/dotter17.be\/fr\/politique-en-matiere-de-cookies\/\",\"name\":\"Dotter 17 - Politique en mati\u00e8re de cookies\",\"isPartOf\":{\"@id\":\"https:\/\/dotter17.be\/fr\/#website\"},\"datePublished\":\"2018-11-15T15:55:42+00:00\",\"dateModified\":\"2023-03-14T10:21:38+00:00\",\"breadcrumb\":{\"@id\":\"http:\/\/dotter17.be\/fr\/politique-en-matiere-de-cookies\/#breadcrumb\"},\"inLanguage\":\"fr-FR\",\"potentialAction\":[{\"@type\":\"ReadAction\",\"target\":[\"http:\/\/dotter17.be\/fr\/politique-en-matiere-de-cookies\/\"]}]},{\"@type\":\"BreadcrumbList\",\"@id\":\"http:\/\/dotter17.be\/fr\/politique-en-matiere-de-cookies\/#breadcrumb\",\"itemListElement\":[{\"@type\":\"ListItem\",\"position\":1,\"name\":\"Home\",\"item\":\"https:\/\/dotter17.be\/fr\/\"},{\"@type\":\"ListItem\",\"position\":2,\"name\":\"Politique en mati\u00e8re de cookies\"}]},{\"@type\":\"WebSite\",\"@id\":\"https:\/\/dotter17.be\/fr\/#website\",\"url\":\"https:\/\/dotter17.be\/fr\/\",\"name\":\"Dotter 17\",\"description\":\"\",\"publisher\":{\"@id\":\"https:\/\/dotter17.be\/fr\/#organization\"},\"potentialAction\":[{\"@type\":\"SearchAction\",\"target\":{\"@type\":\"EntryPoint\",\"urlTemplate\":\"https:\/\/dotter17.be\/fr\/?s={search_term_string}\"},\"query-input\":{\"@type\":\"PropertyValueSpecification\",\"valueRequired\":true,\"valueName\":\"search_term_string\"}}],\"inLanguage\":\"fr-FR\"},{\"@type\":\"Organization\",\"@id\":\"https:\/\/dotter17.be\/fr\/#organization\",\"name\":\"Dotter17\",\"url\":\"https:\/\/dotter17.be\/fr\/\",\"logo\":{\"@type\":\"ImageObject\",\"inLanguage\":\"fr-FR\",\"@id\":\"https:\/\/dotter17.be\/fr\/#\/schema\/logo\/image\/\",\"url\":\"https:\/\/dotter17.be\/wp-content\/uploads\/2018\/05\/logo.png\",\"contentUrl\":\"https:\/\/dotter17.be\/wp-content\/uploads\/2018\/05\/logo.png\",\"width\":250,\"height\":208,\"caption\":\"Dotter17\"},\"image\":{\"@id\":\"https:\/\/dotter17.be\/fr\/#\/schema\/logo\/image\/\"},\"sameAs\":[\"https:\/\/www.facebook.com\/Dotter17\/\",\"https:\/\/www.instagram.com\/17dotter\"]}]}<\/script>\n<!-- \/ Yoast SEO plugin. -->","yoast_head_json":{"title":"Dotter 17 - Politique en mati\u00e8re de cookies","robots":{"index":"index","follow":"follow","max-snippet":"max-snippet:-1","max-image-preview":"max-image-preview:large","max-video-preview":"max-video-preview:-1"},"canonical":"http:\/\/dotter17.be\/fr\/politique-en-matiere-de-cookies\/","og_locale":"nl_BE","og_type":"article","og_title":"Dotter 17 - Politique en mati\u00e8re de cookies","og_description":"Derni\u00e8re mise \u00e0 jour le 14\/11\/2018. 1.\u00a0\u00a0\u00a0 Bienvenue Nous sommes Lb Invest, une SPRL, \u00e9tablie \u00e0 Ratmolenstraat 17, 9420 Erpe-Mere, avec num\u00e9ro d\u2019entreprise BE0668838358. Dans la pr\u00e9sente Politique en mati\u00e8re de cookies, nous vous expliquons quelles informations nous pouvons collecter via notre site Internet gr\u00e2ce aux cookies et comment nous les utilisons pour am\u00e9liorer nos [&hellip;]","og_url":"http:\/\/dotter17.be\/fr\/politique-en-matiere-de-cookies\/","og_site_name":"Dotter 17","article_publisher":"https:\/\/www.facebook.com\/Dotter17\/","article_modified_time":"2023-03-14T10:21:38+00:00","twitter_card":"summary_large_image","twitter_misc":{"Dur\u00e9e de lecture estim\u00e9e":"2 minutes"},"schema":{"@context":"https:\/\/schema.org","@graph":[{"@type":"WebPage","@id":"http:\/\/dotter17.be\/fr\/politique-en-matiere-de-cookies\/","url":"http:\/\/dotter17.be\/fr\/politique-en-matiere-de-cookies\/","name":"Dotter 17 - Politique en mati\u00e8re de cookies","isPartOf":{"@id":"https:\/\/dotter17.be\/fr\/#website"},"datePublished":"2018-11-15T15:55:42+00:00","dateModified":"2023-03-14T10:21:38+00:00","breadcrumb":{"@id":"http:\/\/dotter17.be\/fr\/politique-en-matiere-de-cookies\/#breadcrumb"},"inLanguage":"fr-FR","potentialAction":[{"@type":"ReadAction","target":["http:\/\/dotter17.be\/fr\/politique-en-matiere-de-cookies\/"]}]},{"@type":"BreadcrumbList","@id":"http:\/\/dotter17.be\/fr\/politique-en-matiere-de-cookies\/#breadcrumb","itemListElement":[{"@type":"ListItem","position":1,"name":"Home","item":"https:\/\/dotter17.be\/fr\/"},{"@type":"ListItem","position":2,"name":"Politique en mati\u00e8re de cookies"}]},{"@type":"WebSite","@id":"https:\/\/dotter17.be\/fr\/#website","url":"https:\/\/dotter17.be\/fr\/","name":"Dotter 17","description":"","publisher":{"@id":"https:\/\/dotter17.be\/fr\/#organization"},"potentialAction":[{"@type":"SearchAction","target":{"@type":"EntryPoint","urlTemplate":"https:\/\/dotter17.be\/fr\/?s={search_term_string}"},"query-input":{"@type":"PropertyValueSpecification","valueRequired":true,"valueName":"search_term_string"}}],"inLanguage":"fr-FR"},{"@type":"Organization","@id":"https:\/\/dotter17.be\/fr\/#organization","name":"Dotter17","url":"https:\/\/dotter17.be\/fr\/","logo":{"@type":"ImageObject","inLanguage":"fr-FR","@id":"https:\/\/dotter17.be\/fr\/#\/schema\/logo\/image\/","url":"https:\/\/dotter17.be\/wp-content\/uploads\/2018\/05\/logo.png","contentUrl":"https:\/\/dotter17.be\/wp-content\/uploads\/2018\/05\/logo.png","width":250,"height":208,"caption":"Dotter17"},"image":{"@id":"https:\/\/dotter17.be\/fr\/#\/schema\/logo\/image\/"},"sameAs":["https:\/\/www.facebook.com\/Dotter17\/","https:\/\/www.instagram.com\/17dotter"]}]}},"_links":{"self":[{"href":"https:\/\/dotter17.be\/fr\/wp-json\/wp\/v2\/pages\/1663","targetHints":{"allow":["GET"]}}],"collection":[{"href":"https:\/\/dotter17.be\/fr\/wp-json\/wp\/v2\/pages"}],"about":[{"href":"https:\/\/dotter17.be\/fr\/wp-json\/wp\/v2\/types\/page"}],"author":[{"embeddable":true,"href":"https:\/\/dotter17.be\/fr\/wp-json\/wp\/v2\/users\/2"}],"replies":[{"embeddable":true,"href":"https:\/\/dotter17.be\/fr\/wp-json\/wp\/v2\/comments?post=1663"}],"version-history":[{"count":1,"href":"https:\/\/dotter17.be\/fr\/wp-json\/wp\/v2\/pages\/1663\/revisions"}],"predecessor-version":[{"id":2548,"href":"https:\/\/dotter17.be\/fr\/wp-json\/wp\/v2\/pages\/1663\/revisions\/2548"}],"wp:attachment":[{"href":"https:\/\/dotter17.be\/fr\/wp-json\/wp\/v2\/media?parent=1663"}],"curies":[{"name":"wp","href":"https:\/\/api.w.org\/{rel}","templated":true}]}}